{"id":225,"date":"2022-10-27T16:07:19","date_gmt":"2022-10-27T16:07:19","guid":{"rendered":"https:\/\/studioquantum.ca\/?page_id=225"},"modified":"2022-11-03T16:01:11","modified_gmt":"2022-11-03T16:01:11","slug":"formations","status":"publish","type":"page","link":"https:\/\/studioquantum.ca\/en\/formations\/","title":{"rendered":"Trainings"},"content":{"rendered":"<p>[et_pb_section fb_built=\u00a0\u00bb1&Prime; disabled_on=\u00a0\u00bboff|on|on\u00a0\u00bb admin_label=\u00a0\u00bbSection\u00a0\u00bb _builder_version=\u00a0\u00bb4.18.1&Prime; _module_preset=\u00a0\u00bbdefault\u00a0\u00bb background_color=\u00a0\u00bb#000000&Prime; z_index=\u00a0\u00bb100&Prime; custom_padding=\u00a0\u00bb0px||0px||true|false\u00a0\u00bb custom_css_main_element=\u00a0\u00bbdisplay: none;\u00a0\u00bb global_module=\u00a0\u00bb318&Prime; saved_tabs=\u00a0\u00bball\u00a0\u00bb global_colors_info=\u00a0\u00bb{}\u00a0\u00bb custom_css_main_element_last_edited=\u00a0\u00bbon|phone\u00a0\u00bb custom_css_main_element_phone=\u00a0\u00bbdisplay: block;\u00a0\u00bb custom_css_main_element_tablet=\u00a0\u00bbdisplay: none;\u00a0\u00bb][et_pb_row admin_label=\u00a0\u00bbLigne\u00a0\u00bb _builder_version=\u00a0\u00bb4.18.0&Prime; _module_preset=\u00a0\u00bbdefault\u00a0\u00bb width=\u00a0\u00bb100%\u00a0\u00bb custom_padding=\u00a0\u00bb0px||0px||true|false\u00a0\u00bb global_colors_info=\u00a0\u00bb{}\u00a0\u00bb][et_pb_column type=\u00a0\u00bb4_4&Prime; admin_label=\u00a0\u00bbColonne\u00a0\u00bb _builder_version=\u00a0\u00bb4.18.0&Prime; _module_preset=\u00a0\u00bbdefault\u00a0\u00bb global_colors_info=\u00a0\u00bb{}\u00a0\u00bb][et_pb_menu menu_style=\u00a0\u00bbcentered\u00a0\u00bb active_link_color=\u00a0\u00bb#FFFFFF\u00a0\u00bb dropdown_menu_bg_color=\u00a0\u00bb#000000&Prime; dropdown_menu_line_color=\u00a0\u00bbgcid-a9b43c22-74d3-4f7e-90e0-81826e59e215&Prime; dropdown_menu_text_color=\u00a0\u00bb#FFFFFF\u00a0\u00bb dropdown_menu_active_link_color=\u00a0\u00bbgcid-a9b43c22-74d3-4f7e-90e0-81826e59e215&Prime; mobile_menu_bg_color=\u00a0\u00bb#000000&Prime; mobile_menu_text_color=\u00a0\u00bb#FFFFFF\u00a0\u00bb cart_icon_color=\u00a0\u00bb#FFFFFF\u00a0\u00bb search_icon_color=\u00a0\u00bb#FFFFFF\u00a0\u00bb menu_icon_color=\u00a0\u00bb#FFFFFF\u00a0\u00bb admin_label=\u00a0\u00bbMenu\u00a0\u00bb _builder_version=\u00a0\u00bb4.18.1&Prime; _module_preset=\u00a0\u00bbdefault\u00a0\u00bb background_color=\u00a0\u00bbRGBA(255,255,255,0)\u00a0\u00bb custom_padding=\u00a0\u00bb5px||5px||true|false\u00a0\u00bb global_colors_info=\u00a0\u00bb{%22gcid-a9b43c22-74d3-4f7e-90e0-81826e59e215%22:%91%22dropdown_menu_active_link_color%22,%22dropdown_menu_line_color%22%93}\u00a0\u00bb][\/et_pb_menu][\/et_pb_column][\/et_pb_row][\/et_pb_section][et_pb_section fb_built=\u00a0\u00bb1&Prime; _builder_version=\u00a0\u00bb4.18.1&Prime; _module_preset=\u00a0\u00bbdefault\u00a0\u00bb background_color=\u00a0\u00bb#000000&Prime; background_image=\u00a0\u00bbhttps:\/\/studioquantum.ca\/wp-content\/uploads\/2022\/10\/Groupe-de-masques-10-2.png\u00a0\u00bb background_position=\u00a0\u00bbbottom_center\u00a0\u00bb background_vertical_offset=\u00a0\u00bb65%\u00a0\u00bb custom_padding=\u00a0\u00bb0px||0px||false|false\u00a0\u00bb locked=\u00a0\u00bboff\u00a0\u00bb global_colors_info=\u00a0\u00bb{}\u00a0\u00bb][et_pb_row column_structure=\u00a0\u00bb1_3,2_3&Prime; _builder_version=\u00a0\u00bb4.18.1&Prime; _module_preset=\u00a0\u00bbdefault\u00a0\u00bb width=\u00a0\u00bb95%\u00a0\u00bb max_width=\u00a0\u00bb2560px\u00a0\u00bb global_module=\u00a0\u00bb249&Prime; saved_tabs=\u00a0\u00bball\u00a0\u00bb global_colors_info=\u00a0\u00bb{}\u00a0\u00bb][et_pb_column type=\u00a0\u00bb1_3&Prime; _builder_version=\u00a0\u00bb4.18.0&Prime; _module_preset=\u00a0\u00bbdefault\u00a0\u00bb global_colors_info=\u00a0\u00bb{}\u00a0\u00bb][et_pb_image src=\u00a0\u00bbhttps:\/\/studioquantum.ca\/wp-content\/uploads\/2022\/07\/Studio-Quantum-Logo_A-2.png\u00a0\u00bb title_text=\u00a0\u00bbStudio Quantum Logo_A-2&Prime; url=\u00a0\u00bbhttps:\/\/studioquantum.ca\/\u00a0\u00bb align_tablet=\u00a0\u00bb\u00a0\u00bb align_phone=\u00a0\u00bbcenter\u00a0\u00bb align_last_edited=\u00a0\u00bbon|phone\u00a0\u00bb _builder_version=\u00a0\u00bb4.18.1&Prime; _module_preset=\u00a0\u00bbdefault\u00a0\u00bb global_colors_info=\u00a0\u00bb{}\u00a0\u00bb][\/et_pb_image][\/et_pb_column][et_pb_column type=\u00a0\u00bb2_3&Prime; _builder_version=\u00a0\u00bb4.18.0&Prime; _module_preset=\u00a0\u00bbdefault\u00a0\u00bb global_colors_info=\u00a0\u00bb{}\u00a0\u00bb][et_pb_menu active_link_color=\u00a0\u00bbgcid-a9b43c22-74d3-4f7e-90e0-81826e59e215&Prime; disabled_on=\u00a0\u00bbon|off|off\u00a0\u00bb module_id=\u00a0\u00bbmenu-short\u00a0\u00bb _builder_version=\u00a0\u00bb4.18.1&Prime; _module_preset=\u00a0\u00bbdefault\u00a0\u00bb menu_font=\u00a0\u00bbBarlow|||on|||||\u00a0\u00bb menu_text_color=\u00a0\u00bb#FFFFFF\u00a0\u00bb menu_font_size=\u00a0\u00bb18px\u00a0\u00bb menu_letter_spacing=\u00a0\u00bb2px\u00a0\u00bb background_color=\u00a0\u00bbRGBA(255,255,255,0)\u00a0\u00bb global_colors_info=\u00a0\u00bb{%22gcid-a9b43c22-74d3-4f7e-90e0-81826e59e215%22:%91%22active_link_color%22%93}\u00a0\u00bb custom_css_main_element_last_edited=\u00a0\u00bbon|phone\u00a0\u00bb custom_css_main_element_phone=\u00a0\u00bbdisplay: none;\u00a0\u00bb][\/et_pb_menu][\/et_pb_column][\/et_pb_row][et_pb_row _builder_version=\u00a0\u00bb4.18.1&Prime; _module_preset=\u00a0\u00bbdefault\u00a0\u00bb custom_margin=\u00a0\u00bb||||false|false\u00a0\u00bb custom_padding=\u00a0\u00bb||100px||false|false\u00a0\u00bb global_colors_info=\u00a0\u00bb{}\u00a0\u00bb][et_pb_column type=\u00a0\u00bb4_4&Prime; _builder_version=\u00a0\u00bb4.18.0&Prime; _module_preset=\u00a0\u00bbdefault\u00a0\u00bb global_colors_info=\u00a0\u00bb{}\u00a0\u00bb][et_pb_text _builder_version=\u00a0\u00bb4.18.1&Prime; _module_preset=\u00a0\u00bbdefault\u00a0\u00bb header_font=\u00a0\u00bb|700|||||||\u00a0\u00bb header_text_color=\u00a0\u00bb#fbfbfb\u00a0\u00bb header_font_size=\u00a0\u00bb73px\u00a0\u00bb header_letter_spacing=\u00a0\u00bb3px\u00a0\u00bb hover_enabled=\u00a0\u00bb0&Prime; header_font_size_tablet=\u00a0\u00bb62px\u00a0\u00bb header_font_size_phone=\u00a0\u00bb40px\u00a0\u00bb header_font_size_last_edited=\u00a0\u00bbon|phone\u00a0\u00bb global_colors_info=\u00a0\u00bb{}\u00a0\u00bb sticky_enabled=\u00a0\u00bb0&Prime;]<\/p>\n<h1 style=\"text-align: center;\">FORMATIONS<\/h1>\n<p>[\/et_pb_text][\/et_pb_column][\/et_pb_row][\/et_pb_section][et_pb_section fb_built=\u00a0\u00bb1&Prime; custom_padding_last_edited=\u00a0\u00bbon|phone\u00a0\u00bb _builder_version=\u00a0\u00bb4.18.1&Prime; _module_preset=\u00a0\u00bbdefault\u00a0\u00bb background_color=\u00a0\u00bb#000000&Prime; custom_padding_tablet=\u00a0\u00bb\u00a0\u00bb custom_padding_phone=\u00a0\u00bb||0px||false|false\u00a0\u00bb locked=\u00a0\u00bboff\u00a0\u00bb global_colors_info=\u00a0\u00bb{}\u00a0\u00bb][et_pb_row _builder_version=\u00a0\u00bb4.18.0&Prime; _module_preset=\u00a0\u00bbdefault\u00a0\u00bb custom_margin=\u00a0\u00bb100px|auto|100px|auto|true|false\u00a0\u00bb custom_margin_tablet=\u00a0\u00bb70px||70px||true|false\u00a0\u00bb custom_margin_phone=\u00a0\u00bb50px||50px||true|false\u00a0\u00bb custom_margin_last_edited=\u00a0\u00bbon|phone\u00a0\u00bb global_colors_info=\u00a0\u00bb{}\u00a0\u00bb][et_pb_column type=\u00a0\u00bb4_4&Prime; _builder_version=\u00a0\u00bb4.17.6&Prime; _module_preset=\u00a0\u00bbdefault\u00a0\u00bb global_colors_info=\u00a0\u00bb{}\u00a0\u00bb][et_pb_text _builder_version=\u00a0\u00bb4.18.1&Prime; _module_preset=\u00a0\u00bbdefault\u00a0\u00bb header_font=\u00a0\u00bbQuimby Mayoral||||||||\u00a0\u00bb header_text_color=\u00a0\u00bbgcid-a9b43c22-74d3-4f7e-90e0-81826e59e215&Prime; header_font_size=\u00a0\u00bb75px\u00a0\u00bb transform_rotate=\u00a0\u00bb0deg|0deg|353deg\u00a0\u00bb width=\u00a0\u00bb50%\u00a0\u00bb width_tablet=\u00a0\u00bb50%\u00a0\u00bb width_phone=\u00a0\u00bbauto\u00a0\u00bb width_last_edited=\u00a0\u00bbon|phone\u00a0\u00bb module_alignment=\u00a0\u00bbcenter\u00a0\u00bb custom_margin=\u00a0\u00bb||100px||false|false\u00a0\u00bb header_font_size_tablet=\u00a0\u00bb75px\u00a0\u00bb header_font_size_phone=\u00a0\u00bb45px\u00a0\u00bb header_font_size_last_edited=\u00a0\u00bbon|phone\u00a0\u00bb global_colors_info=\u00a0\u00bb{%22gcid-a9b43c22-74d3-4f7e-90e0-81826e59e215%22:%91%22header_text_color%22%93}\u00a0\u00bb]<\/p>\n<h1 style=\"text-align: center;\">Envie d&rsquo;apprende \u00e0 faire du tatouage?<\/h1>\n<p>[\/et_pb_text][et_pb_text _builder_version=\u00a0\u00bb4.18.1&Prime; _module_preset=\u00a0\u00bbdefault\u00a0\u00bb text_font=\u00a0\u00bbBarlow|300|||||||\u00a0\u00bb text_text_color=\u00a0\u00bb#fbfbfb\u00a0\u00bb text_font_size=\u00a0\u00bb17px\u00a0\u00bb text_letter_spacing=\u00a0\u00bb1px\u00a0\u00bb text_line_height=\u00a0\u00bb1.8em\u00a0\u00bb width=\u00a0\u00bb100%\u00a0\u00bb max_width=\u00a0\u00bb80%\u00a0\u00bb max_width_tablet=\u00a0\u00bb100%\u00a0\u00bb max_width_phone=\u00a0\u00bb100%\u00a0\u00bb max_width_last_edited=\u00a0\u00bbon|phone\u00a0\u00bb module_alignment=\u00a0\u00bbcenter\u00a0\u00bb custom_margin=\u00a0\u00bb||||false|false\u00a0\u00bb global_colors_info=\u00a0\u00bb{}\u00a0\u00bb]<\/p>\n<p style=\"text-align: center;\">Si vous d\u00e9sirez devenir un artiste tatoueur et consolider vos fondations en tatouage, joignez-vous \u00e0 notre prochain s\u00e9minaire offert chaque mois!<\/p>\n<p>[\/et_pb_text][\/et_pb_column][\/et_pb_row][\/et_pb_section][et_pb_section fb_built=\u00a0\u00bb1&Prime; custom_padding_last_edited=\u00a0\u00bbon|phone\u00a0\u00bb _builder_version=\u00a0\u00bb4.18.1&Prime; _module_preset=\u00a0\u00bbdefault\u00a0\u00bb background_color=\u00a0\u00bb#000000&Prime; custom_padding_tablet=\u00a0\u00bb\u00a0\u00bb custom_padding_phone=\u00a0\u00bb0px||||false|false\u00a0\u00bb locked=\u00a0\u00bboff\u00a0\u00bb global_colors_info=\u00a0\u00bb{}\u00a0\u00bb][et_pb_row column_structure=\u00a0\u00bb2_5,3_5&Prime; make_equal=\u00a0\u00bbon\u00a0\u00bb _builder_version=\u00a0\u00bb4.18.1&Prime; _module_preset=\u00a0\u00bbdefault\u00a0\u00bb width=\u00a0\u00bb100%\u00a0\u00bb custom_margin=\u00a0\u00bb10px|auto|100px|auto|false|false\u00a0\u00bb custom_margin_tablet=\u00a0\u00bb70px||70px||true|false\u00a0\u00bb custom_margin_phone=\u00a0\u00bb50px||50px||true|false\u00a0\u00bb custom_margin_last_edited=\u00a0\u00bbon|phone\u00a0\u00bb global_colors_info=\u00a0\u00bb{}\u00a0\u00bb][et_pb_column type=\u00a0\u00bb2_5&Prime; _builder_version=\u00a0\u00bb4.18.1&Prime; _module_preset=\u00a0\u00bbdefault\u00a0\u00bb custom_css_main_element=\u00a0\u00bbmargin: auto;\u00a0\u00bb global_colors_info=\u00a0\u00bb{}\u00a0\u00bb][et_pb_image src=\u00a0\u00bbhttps:\/\/studioquantum.ca\/wp-content\/uploads\/2022\/10\/received_1139004250347541.png\u00a0\u00bb title_text=\u00a0\u00bbreceived_1139004250347541&Prime; align=\u00a0\u00bbcenter\u00a0\u00bb _builder_version=\u00a0\u00bb4.18.1&Prime; _module_preset=\u00a0\u00bbdefault\u00a0\u00bb width_tablet=\u00a0\u00bb\u00a0\u00bb width_phone=\u00a0\u00bb90%\u00a0\u00bb width_last_edited=\u00a0\u00bbon|phone\u00a0\u00bb global_colors_info=\u00a0\u00bb{}\u00a0\u00bb][\/et_pb_image][\/et_pb_column][et_pb_column type=\u00a0\u00bb3_5&Prime; _builder_version=\u00a0\u00bb4.17.6&Prime; _module_preset=\u00a0\u00bbdefault\u00a0\u00bb global_colors_info=\u00a0\u00bb{}\u00a0\u00bb][et_pb_text _builder_version=\u00a0\u00bb4.18.1&Prime; _module_preset=\u00a0\u00bbdefault\u00a0\u00bb text_font=\u00a0\u00bbBarlow|300|||||||\u00a0\u00bb text_text_color=\u00a0\u00bb#fbfbfb\u00a0\u00bb text_font_size=\u00a0\u00bb17px\u00a0\u00bb text_letter_spacing=\u00a0\u00bb1px\u00a0\u00bb text_line_height=\u00a0\u00bb1.8em\u00a0\u00bb header_font=\u00a0\u00bb||||||||\u00a0\u00bb header_text_color=\u00a0\u00bb#fbfbfb\u00a0\u00bb header_font_size=\u00a0\u00bb42px\u00a0\u00bb width=\u00a0\u00bb100%\u00a0\u00bb width_tablet=\u00a0\u00bb100%\u00a0\u00bb width_phone=\u00a0\u00bb90%\u00a0\u00bb width_last_edited=\u00a0\u00bbon|phone\u00a0\u00bb max_width_tablet=\u00a0\u00bb100%\u00a0\u00bb max_width_phone=\u00a0\u00bb100%\u00a0\u00bb max_width_last_edited=\u00a0\u00bbon|phone\u00a0\u00bb module_alignment=\u00a0\u00bbcenter\u00a0\u00bb custom_margin=\u00a0\u00bb||||false|false\u00a0\u00bb custom_margin_tablet=\u00a0\u00bb||||false|false\u00a0\u00bb custom_margin_phone=\u00a0\u00bb50px||||false|false\u00a0\u00bb custom_margin_last_edited=\u00a0\u00bbon|phone\u00a0\u00bb locked=\u00a0\u00bboff\u00a0\u00bb global_colors_info=\u00a0\u00bb{}\u00a0\u00bb width__hover_enabled=\u00a0\u00bboff|desktop\u00a0\u00bb]<\/p>\n<h1>QU\u2019EST-CE QUE VOUS Y GAGNEZ ?<\/h1>\n<p>[\/et_pb_text][et_pb_text content_tablet=\u00a0\u00bb<\/p>\n<p><span style=%22color: #ad6935; font-size: 1.5em;%22>\u2192<\/span>   Apprentissage de diff\u00e9rentes techniques de tatouage<\/p>\n<p><span style=%22color: #ad6935; font-size: 1.5em;%22>\u2192<\/span>   Pr\u00e9paration de l\u2019encre et de l\u2019\u00e9quipement<\/p>\n<p><span style=%22color: #ad6935; font-size: 1.5em;%22>\u2192<\/span>   Montage des stations<\/p>\n<p><span style=%22color: #ad6935; font-size: 1.5em;%22>\u2192<\/span>   R\u00e8gles sur l\u2019hygi\u00e8ne et la salubrit\u00e9 des plans de travail<\/p>\n<p><span style=%22color: #ad6935; font-size: 1.5em;%22>\u2192<\/span>   Survol de la th\u00e9orie et de la science du tatouage<\/p>\n<p><span style=%22color: #ad6935; font-size: 1.5em;%22>\u2192<\/span>   Techniques de base en dessin d\u2019observation<\/p>\n<p><span style=%22color: #ad6935; font-size: 1.5em;%22>\u2192<\/span>   Confection de designs originaux<\/p>\n<p>\u00a0\u00bb content_phone=\u00a0\u00bb<\/p>\n<div style=%22display: flex; margin-bottom: 10px%22><span style=%22color: #ad6935; font-size: 1.5em;%22>\u2192<\/span>  <\/p>\n<p style=%22margin-left: 10px;%22>Apprentissage de diff\u00e9rentes techniques de tatouage <\/p>\n<\/div>\n<div style=%22display: flex; margin-bottom: 10px%22><span style=%22color: #ad6935; font-size: 1.5em;%22>\u2192<\/span><\/p>\n<p style=%22margin-left: 10px;%22>Pr\u00e9paration de l\u2019encre et de l\u2019\u00e9quipement<\/p>\n<\/div>\n<div style=%22display: flex; margin-bottom: 10px%22><span style=%22color: #ad6935; font-size: 1.5em;%22>\u2192<\/span><\/p>\n<p style=%22margin-left: 10px;%22>Montage des stations<\/p>\n<\/div>\n<div style=%22display: flex; margin-bottom: 10px%22><span style=%22color: #ad6935; font-size: 1.5em;%22>\u2192<\/span><\/p>\n<p style=%22margin-left: 10px;%22>R\u00e8gles sur l\u2019hygi\u00e8ne et la salubrit\u00e9 des plans de travail<\/p>\n<\/div>\n<div style=%22display: flex; margin-bottom: 10px%22><span style=%22color: #ad6935; font-size: 1.5em;%22>\u2192<\/span><\/p>\n<p style=%22margin-left: 10px;%22>Survol de la th\u00e9orie et de la science du tatouage<\/p>\n<\/div>\n<div style=%22display: flex; margin-bottom: 10px%22><span style=%22color: #ad6935; font-size: 1.5em;%22>\u2192<\/span><\/p>\n<p style=%22margin-left: 10px;%22>Techniques de base en dessin d\u2019observation<\/p>\n<\/div>\n<div style=%22display: flex; margin-bottom: 10px%22><span style=%22color: #ad6935; font-size: 1.5em;%22>\u2192<\/span><\/p>\n<p style=%22margin-left: 10px;%22>Confection de designs originaux<\/p>\n<\/div>\n<p>\u00a0\u00bb content_last_edited=\u00a0\u00bbon|phone\u00a0\u00bb _builder_version=\u00a0\u00bb4.18.1&Prime; _module_preset=\u00a0\u00bbdefault\u00a0\u00bb text_font=\u00a0\u00bbBarlow|300|||||||\u00a0\u00bb text_text_color=\u00a0\u00bb#fbfbfb\u00a0\u00bb text_font_size=\u00a0\u00bb18px\u00a0\u00bb text_letter_spacing=\u00a0\u00bb1px\u00a0\u00bb text_line_height=\u00a0\u00bb1em\u00a0\u00bb width=\u00a0\u00bb100%\u00a0\u00bb width_tablet=\u00a0\u00bb100%\u00a0\u00bb width_phone=\u00a0\u00bb90%\u00a0\u00bb width_last_edited=\u00a0\u00bbon|phone\u00a0\u00bb max_width_tablet=\u00a0\u00bb100%\u00a0\u00bb max_width_phone=\u00a0\u00bb100%\u00a0\u00bb max_width_last_edited=\u00a0\u00bbon|phone\u00a0\u00bb module_alignment=\u00a0\u00bbcenter\u00a0\u00bb custom_margin=\u00a0\u00bb50px||10px||false|false\u00a0\u00bb locked=\u00a0\u00bboff\u00a0\u00bb global_colors_info=\u00a0\u00bb{}\u00a0\u00bb]<\/p>\n<p><span style=\"color: #ad6935; font-size: 1.5em;\">\u2192<\/span>\u00a0 \u00a0Apprentissage de diff\u00e9rentes techniques de tatouage<\/p>\n<p><span style=\"color: #ad6935; font-size: 1.5em;\">\u2192<\/span>\u00a0 \u00a0Pr\u00e9paration de l\u2019encre et de l\u2019\u00e9quipement<\/p>\n<p><span style=\"color: #ad6935; font-size: 1.5em;\">\u2192<\/span>\u00a0 \u00a0Montage des stations<\/p>\n<p><span style=\"color: #ad6935; font-size: 1.5em;\">\u2192<\/span>\u00a0 \u00a0R\u00e8gles sur l\u2019hygi\u00e8ne et la salubrit\u00e9 des plans de travail<\/p>\n<p><span style=\"color: #ad6935; font-size: 1.5em;\">\u2192<\/span>\u00a0 \u00a0Survol de la th\u00e9orie et de la science du tatouage<\/p>\n<p><span style=\"color: #ad6935; font-size: 1.5em;\">\u2192<\/span>\u00a0 \u00a0Techniques de base en dessin d\u2019observation<\/p>\n<p><span style=\"color: #ad6935; font-size: 1.5em;\">\u2192<\/span>\u00a0 \u00a0Confection de designs originaux<\/p>\n<p>[\/et_pb_text][et_pb_button button_url=\u00a0\u00bbhttps:\/\/studioquantum.ca\/#contact\u00a0\u00bb button_text=\u00a0\u00bbR\u00c9SERVEZ VOTRE PLACE D\u00c8S MAINTENANT\u00a0\u00bb button_alignment=\u00a0\u00bbleft\u00a0\u00bb _builder_version=\u00a0\u00bb4.18.1&Prime; _module_preset=\u00a0\u00bbdefault\u00a0\u00bb custom_button=\u00a0\u00bbon\u00a0\u00bb button_text_size=\u00a0\u00bb18px\u00a0\u00bb button_text_color=\u00a0\u00bbgcid-a9b43c22-74d3-4f7e-90e0-81826e59e215&Prime; button_bg_color=\u00a0\u00bbRGBA(255,255,255,0)\u00a0\u00bb button_letter_spacing=\u00a0\u00bb1px\u00a0\u00bb button_font=\u00a0\u00bbBarlow||||||||\u00a0\u00bb button_icon=\u00a0\u00bb&#x23;||divi||400&Prime; custom_margin=\u00a0\u00bb30px||30px||true|false\u00a0\u00bb button_text_size_tablet=\u00a0\u00bb\u00a0\u00bb button_text_size_phone=\u00a0\u00bb17px\u00a0\u00bb button_text_size_last_edited=\u00a0\u00bbon|phone\u00a0\u00bb global_colors_info=\u00a0\u00bb{%22gcid-a9b43c22-74d3-4f7e-90e0-81826e59e215%22:%91%22button_text_color%22%93}\u00a0\u00bb][\/et_pb_button][\/et_pb_column][\/et_pb_row][\/et_pb_section]<\/p>\n","protected":false},"excerpt":{"rendered":"<p>FORMATIONSEnvie d&rsquo;apprende \u00e0 faire du tatouage?Si vous d\u00e9sirez devenir un artiste tatoueur et consolider vos fondations en tatouage, joignez-vous \u00e0 notre prochain s\u00e9minaire offert chaque mois!QU\u2019EST-CE QUE VOUS Y GAGNEZ ?\u2192\u00a0 \u00a0Apprentissage de diff\u00e9rentes techniques de tatouage \u2192\u00a0 \u00a0Pr\u00e9paration de l\u2019encre et de l\u2019\u00e9quipement \u2192\u00a0 \u00a0Montage des stations \u2192\u00a0 \u00a0R\u00e8gles sur l\u2019hygi\u00e8ne et la salubrit\u00e9 [&hellip;]<\/p>\n","protected":false},"author":1,"featured_media":0,"parent":0,"menu_order":0,"comment_status":"closed","ping_status":"closed","template":"","meta":{"_acf_changed":false,"_et_pb_use_builder":"on","_et_pb_old_content":"","_et_gb_content_width":"","footnotes":""},"class_list":["post-225","page","type-page","status-publish","hentry"],"acf":[],"_links":{"self":[{"href":"https:\/\/studioquantum.ca\/en\/wp-json\/wp\/v2\/pages\/225","targetHints":{"allow":["GET"]}}],"collection":[{"href":"https:\/\/studioquantum.ca\/en\/wp-json\/wp\/v2\/pages"}],"about":[{"href":"https:\/\/studioquantum.ca\/en\/wp-json\/wp\/v2\/types\/page"}],"author":[{"embeddable":true,"href":"https:\/\/studioquantum.ca\/en\/wp-json\/wp\/v2\/users\/1"}],"replies":[{"embeddable":true,"href":"https:\/\/studioquantum.ca\/en\/wp-json\/wp\/v2\/comments?post=225"}],"version-history":[{"count":0,"href":"https:\/\/studioquantum.ca\/en\/wp-json\/wp\/v2\/pages\/225\/revisions"}],"wp:attachment":[{"href":"https:\/\/studioquantum.ca\/en\/wp-json\/wp\/v2\/media?parent=225"}],"curies":[{"name":"wp","href":"https:\/\/api.w.org\/{rel}","templated":true}]}}